{"id":8,"date":"2023-10-04T20:19:09","date_gmt":"2023-10-04T20:19:09","guid":{"rendered":"https:\/\/remir.org.br\/remir-internacional\/?page_id=8"},"modified":"2024-12-01T22:54:35","modified_gmt":"2024-12-01T22:54:35","slug":"elementor-8","status":"publish","type":"page","link":"https:\/\/remir.org.br\/remir-internacional\/","title":{"rendered":"Home"},"content":{"rendered":"\t\t<div data-elementor-type=\"wp-post\" data-elementor-id=\"8\" class=\"elementor elementor-8\">\n\t\t\t\t\t\t<\/div>\n\t\t","protected":false},"excerpt":{"rendered":"<p>Site Preletor Programa\u00e7\u00e3o Local Perguntas INSCRI\u00c7\u00d5ES Hamburger Toggle Menu Voltar ao Site FA\u00c7A SUA INSCRI\u00c7\u00c3O FA\u00c7A SUA INSCRI\u00c7\u00c3O Confira os preletores Remir 2025 Ap. Djalma Toledo \u200b Comunh\u00e3o Crist\u00e3o Verdade e Vida | Presidente Remir Internacional Pr. Luciano Subir\u00e1 Pastor Comunidade Alcance | Escritor | Fundador do Orvalho.com Ap. Luiz Herm\u00ednio Apostolo, escritor e Fundador [&hellip;]<\/p>\n","protected":false},"author":1,"featured_media":0,"parent":0,"menu_order":0,"comment_status":"closed","ping_status":"closed","template":"elementor_canvas","meta":{"footnotes":""},"class_list":["post-8","page","type-page","status-publish","hentry"],"yoast_head":"<!-- This site is optimized with the Yoast SEO plugin v27.2 - https:\/\/yoast.com\/product\/yoast-seo-wordpress\/ -->\n<title>Home - Congresso Remir 2025<\/title>\n<meta name=\"robots\" content=\"index, follow, max-snippet:-1, max-image-preview:large, max-video-preview:-1\" \/>\n<link rel=\"canonical\" href=\"https:\/\/remir.org.br\/remir-internacional\/\" \/>\n<meta property=\"og:locale\" content=\"pt_PT\" \/>\n<meta property=\"og:type\" content=\"article\" \/>\n<meta property=\"og:title\" content=\"Home - Congresso Remir 2025\" \/>\n<meta property=\"og:description\" content=\"Site Preletor Programa\u00e7\u00e3o Local Perguntas INSCRI\u00c7\u00d5ES Hamburger Toggle Menu Voltar ao Site FA\u00c7A SUA INSCRI\u00c7\u00c3O FA\u00c7A SUA INSCRI\u00c7\u00c3O Confira os preletores Remir 2025 Ap. Djalma Toledo \u200b Comunh\u00e3o Crist\u00e3o Verdade e Vida | Presidente Remir Internacional Pr. Luciano Subir\u00e1 Pastor Comunidade Alcance | Escritor | Fundador do Orvalho.com Ap. Luiz Herm\u00ednio Apostolo, escritor e Fundador [&hellip;]\" \/>\n<meta property=\"og:url\" content=\"https:\/\/remir.org.br\/remir-internacional\/\" \/>\n<meta property=\"og:site_name\" content=\"Congresso Remir 2025\" \/>\n<meta property=\"article:modified_time\" content=\"2024-12-01T22:54:35+00:00\" \/>\n<meta property=\"og:image\" content=\"https:\/\/remir.org.br\/remir-internacional\/wp-content\/uploads\/2024\/05\/Ap-Djalma-Toledo.png\" \/>\n<meta name=\"twitter:card\" content=\"summary_large_image\" \/>\n<meta name=\"twitter:label1\" content=\"Tempo estimado de leitura\" \/>\n\t<meta name=\"twitter:data1\" content=\"9 minutos\" \/>\n<script type=\"application\/ld+json\" class=\"yoast-schema-graph\">{\"@context\":\"https:\/\/schema.org\",\"@graph\":[{\"@type\":\"WebPage\",\"@id\":\"https:\/\/remir.org.br\/remir-internacional\/\",\"url\":\"https:\/\/remir.org.br\/remir-internacional\/\",\"name\":\"Home - Congresso Remir 2025\",\"isPartOf\":{\"@id\":\"https:\/\/remir.org.br\/remir-internacional\/#website\"},\"primaryImageOfPage\":{\"@id\":\"https:\/\/remir.org.br\/remir-internacional\/#primaryimage\"},\"image\":{\"@id\":\"https:\/\/remir.org.br\/remir-internacional\/#primaryimage\"},\"thumbnailUrl\":\"https:\/\/remir.org.br\/remir-internacional\/wp-content\/uploads\/2024\/05\/Ap-Djalma-Toledo.png\",\"datePublished\":\"2023-10-04T20:19:09+00:00\",\"dateModified\":\"2024-12-01T22:54:35+00:00\",\"breadcrumb\":{\"@id\":\"https:\/\/remir.org.br\/remir-internacional\/#breadcrumb\"},\"inLanguage\":\"pt-PT\",\"potentialAction\":[{\"@type\":\"ReadAction\",\"target\":[\"https:\/\/remir.org.br\/remir-internacional\/\"]}]},{\"@type\":\"ImageObject\",\"inLanguage\":\"pt-PT\",\"@id\":\"https:\/\/remir.org.br\/remir-internacional\/#primaryimage\",\"url\":\"https:\/\/remir.org.br\/remir-internacional\/wp-content\/uploads\/2024\/05\/Ap-Djalma-Toledo.png\",\"contentUrl\":\"https:\/\/remir.org.br\/remir-internacional\/wp-content\/uploads\/2024\/05\/Ap-Djalma-Toledo.png\",\"width\":1080,\"height\":1080},{\"@type\":\"BreadcrumbList\",\"@id\":\"https:\/\/remir.org.br\/remir-internacional\/#breadcrumb\",\"itemListElement\":[{\"@type\":\"ListItem\",\"position\":1,\"name\":\"In\u00edcio\",\"item\":\"https:\/\/remir.org.br\/remir-internacional\/\"},{\"@type\":\"ListItem\",\"position\":2,\"name\":\"Home\"}]},{\"@type\":\"WebSite\",\"@id\":\"https:\/\/remir.org.br\/remir-internacional\/#website\",\"url\":\"https:\/\/remir.org.br\/remir-internacional\/\",\"name\":\"Congresso Remir 2025\",\"description\":\"Rede Ministerial de Relacionamento\",\"publisher\":{\"@id\":\"https:\/\/remir.org.br\/remir-internacional\/#organization\"},\"potentialAction\":[{\"@type\":\"SearchAction\",\"target\":{\"@type\":\"EntryPoint\",\"urlTemplate\":\"https:\/\/remir.org.br\/remir-internacional\/?s={search_term_string}\"},\"query-input\":{\"@type\":\"PropertyValueSpecification\",\"valueRequired\":true,\"valueName\":\"search_term_string\"}}],\"inLanguage\":\"pt-PT\"},{\"@type\":\"Organization\",\"@id\":\"https:\/\/remir.org.br\/remir-internacional\/#organization\",\"name\":\"Congresso Remir 2025\",\"url\":\"https:\/\/remir.org.br\/remir-internacional\/\",\"logo\":{\"@type\":\"ImageObject\",\"inLanguage\":\"pt-PT\",\"@id\":\"https:\/\/remir.org.br\/remir-internacional\/#\/schema\/logo\/image\/\",\"url\":\"https:\/\/remir.org.br\/remir-internacional\/wp-content\/uploads\/2023\/10\/Design-sem-nome-2024-05-22T181648.499.png\",\"contentUrl\":\"https:\/\/remir.org.br\/remir-internacional\/wp-content\/uploads\/2023\/10\/Design-sem-nome-2024-05-22T181648.499.png\",\"width\":350,\"height\":100,\"caption\":\"Congresso Remir 2025\"},\"image\":{\"@id\":\"https:\/\/remir.org.br\/remir-internacional\/#\/schema\/logo\/image\/\"}}]}<\/script>\n<!-- \/ Yoast SEO plugin. -->","yoast_head_json":{"title":"Home - Congresso Remir 2025","robots":{"index":"index","follow":"follow","max-snippet":"max-snippet:-1","max-image-preview":"max-image-preview:large","max-video-preview":"max-video-preview:-1"},"canonical":"https:\/\/remir.org.br\/remir-internacional\/","og_locale":"pt_PT","og_type":"article","og_title":"Home - Congresso Remir 2025","og_description":"Site Preletor Programa\u00e7\u00e3o Local Perguntas INSCRI\u00c7\u00d5ES Hamburger Toggle Menu Voltar ao Site FA\u00c7A SUA INSCRI\u00c7\u00c3O FA\u00c7A SUA INSCRI\u00c7\u00c3O Confira os preletores Remir 2025 Ap. Djalma Toledo \u200b Comunh\u00e3o Crist\u00e3o Verdade e Vida | Presidente Remir Internacional Pr. Luciano Subir\u00e1 Pastor Comunidade Alcance | Escritor | Fundador do Orvalho.com Ap. Luiz Herm\u00ednio Apostolo, escritor e Fundador [&hellip;]","og_url":"https:\/\/remir.org.br\/remir-internacional\/","og_site_name":"Congresso Remir 2025","article_modified_time":"2024-12-01T22:54:35+00:00","og_image":[{"url":"https:\/\/remir.org.br\/remir-internacional\/wp-content\/uploads\/2024\/05\/Ap-Djalma-Toledo.png","type":"","width":"","height":""}],"twitter_card":"summary_large_image","twitter_misc":{"Tempo estimado de leitura":"9 minutos"},"schema":{"@context":"https:\/\/schema.org","@graph":[{"@type":"WebPage","@id":"https:\/\/remir.org.br\/remir-internacional\/","url":"https:\/\/remir.org.br\/remir-internacional\/","name":"Home - Congresso Remir 2025","isPartOf":{"@id":"https:\/\/remir.org.br\/remir-internacional\/#website"},"primaryImageOfPage":{"@id":"https:\/\/remir.org.br\/remir-internacional\/#primaryimage"},"image":{"@id":"https:\/\/remir.org.br\/remir-internacional\/#primaryimage"},"thumbnailUrl":"https:\/\/remir.org.br\/remir-internacional\/wp-content\/uploads\/2024\/05\/Ap-Djalma-Toledo.png","datePublished":"2023-10-04T20:19:09+00:00","dateModified":"2024-12-01T22:54:35+00:00","breadcrumb":{"@id":"https:\/\/remir.org.br\/remir-internacional\/#breadcrumb"},"inLanguage":"pt-PT","potentialAction":[{"@type":"ReadAction","target":["https:\/\/remir.org.br\/remir-internacional\/"]}]},{"@type":"ImageObject","inLanguage":"pt-PT","@id":"https:\/\/remir.org.br\/remir-internacional\/#primaryimage","url":"https:\/\/remir.org.br\/remir-internacional\/wp-content\/uploads\/2024\/05\/Ap-Djalma-Toledo.png","contentUrl":"https:\/\/remir.org.br\/remir-internacional\/wp-content\/uploads\/2024\/05\/Ap-Djalma-Toledo.png","width":1080,"height":1080},{"@type":"BreadcrumbList","@id":"https:\/\/remir.org.br\/remir-internacional\/#breadcrumb","itemListElement":[{"@type":"ListItem","position":1,"name":"In\u00edcio","item":"https:\/\/remir.org.br\/remir-internacional\/"},{"@type":"ListItem","position":2,"name":"Home"}]},{"@type":"WebSite","@id":"https:\/\/remir.org.br\/remir-internacional\/#website","url":"https:\/\/remir.org.br\/remir-internacional\/","name":"Congresso Remir 2025","description":"Rede Ministerial de Relacionamento","publisher":{"@id":"https:\/\/remir.org.br\/remir-internacional\/#organization"},"potentialAction":[{"@type":"SearchAction","target":{"@type":"EntryPoint","urlTemplate":"https:\/\/remir.org.br\/remir-internacional\/?s={search_term_string}"},"query-input":{"@type":"PropertyValueSpecification","valueRequired":true,"valueName":"search_term_string"}}],"inLanguage":"pt-PT"},{"@type":"Organization","@id":"https:\/\/remir.org.br\/remir-internacional\/#organization","name":"Congresso Remir 2025","url":"https:\/\/remir.org.br\/remir-internacional\/","logo":{"@type":"ImageObject","inLanguage":"pt-PT","@id":"https:\/\/remir.org.br\/remir-internacional\/#\/schema\/logo\/image\/","url":"https:\/\/remir.org.br\/remir-internacional\/wp-content\/uploads\/2023\/10\/Design-sem-nome-2024-05-22T181648.499.png","contentUrl":"https:\/\/remir.org.br\/remir-internacional\/wp-content\/uploads\/2023\/10\/Design-sem-nome-2024-05-22T181648.499.png","width":350,"height":100,"caption":"Congresso Remir 2025"},"image":{"@id":"https:\/\/remir.org.br\/remir-internacional\/#\/schema\/logo\/image\/"}}]}},"_links":{"self":[{"href":"https:\/\/remir.org.br\/remir-internacional\/wp-json\/wp\/v2\/pages\/8","targetHints":{"allow":["GET"]}}],"collection":[{"href":"https:\/\/remir.org.br\/remir-internacional\/wp-json\/wp\/v2\/pages"}],"about":[{"href":"https:\/\/remir.org.br\/remir-internacional\/wp-json\/wp\/v2\/types\/page"}],"author":[{"embeddable":true,"href":"https:\/\/remir.org.br\/remir-internacional\/wp-json\/wp\/v2\/users\/1"}],"replies":[{"embeddable":true,"href":"https:\/\/remir.org.br\/remir-internacional\/wp-json\/wp\/v2\/comments?post=8"}],"version-history":[{"count":1687,"href":"https:\/\/remir.org.br\/remir-internacional\/wp-json\/wp\/v2\/pages\/8\/revisions"}],"predecessor-version":[{"id":2069,"href":"https:\/\/remir.org.br\/remir-internacional\/wp-json\/wp\/v2\/pages\/8\/revisions\/2069"}],"wp:attachment":[{"href":"https:\/\/remir.org.br\/remir-internacional\/wp-json\/wp\/v2\/media?parent=8"}],"curies":[{"name":"wp","href":"https:\/\/api.w.org\/{rel}","templated":true}]}}